{"id":77,"date":"2025-03-03T08:32:09","date_gmt":"2025-03-03T08:32:09","guid":{"rendered":"https:\/\/eifnytolstrup.dk\/?page_id=77"},"modified":"2025-03-03T08:32:09","modified_gmt":"2025-03-03T08:32:09","slug":"persondatapolitik","status":"publish","type":"page","link":"https:\/\/eifnytolstrup.dk\/index.php\/persondatapolitik\/","title":{"rendered":"Persondatapolitik"},"content":{"rendered":"\n<h3 class=\"wp-block-heading\">1. Identitet og kontaktoplysninger<\/h3>\n\n\n\n<p>EIF Ny Tolstrup er dataansvarlig for behandlingen af de personoplysninger, som vi modtager. Vores kontaktoplysninger er:<\/p>\n\n\n\n<p>EIF &#8211; Ny Tolstrup<br>CVR-nummer 32119174<br>C\/O Henrik Eve Christensen<br>Tolstrupvej 38<br>4330 Hvals\u00f8<\/p>\n\n\n\n<p>kontakt@eifnytolstrup.dk<\/p>\n\n\n\n<h3 class=\"wp-block-heading\">2. Hvilke personoplysninger<\/h3>\n\n\n\n<p>Vi behandler oplysninger om vores medlemmer, deltagere ved enkeltarrangementer, undervisere\/tr\u00e6nere og andre eksterne samarbejdspartnere i form af:<\/p>\n\n\n\n<ul class=\"wp-block-list\">\n<li>Navn<\/li>\n\n\n\n<li>Adresse<\/li>\n\n\n\n<li>E-mailadresse<\/li>\n\n\n\n<li>Telefonnummer<\/li>\n\n\n\n<li>K\u00f8n<\/li>\n\n\n\n<li>F\u00f8dselsdagsdato<\/li>\n\n\n\n<li>Betalingsoplysninger<\/li>\n\n\n\n<li>Billeder og videoer<\/li>\n<\/ul>\n\n\n\n<p>Vi behandler oplysninger om l\u00e5nere\/lejere af Sogneg\u00e5rden i form af:<\/p>\n\n\n\n<ul class=\"wp-block-list\">\n<li>Navn<\/li>\n\n\n\n<li>Adresse<\/li>\n\n\n\n<li>E-mailadresse<\/li>\n\n\n\n<li>Telefonnummer<\/li>\n\n\n\n<li>Betalingsoplysninger<\/li>\n\n\n\n<li>Karakteren af arrangement i Sogneg\u00e5rden\/Aktivitetspladsen<\/li>\n<\/ul>\n\n\n\n<h3 class=\"wp-block-heading\">3. Hvorfor<\/h3>\n\n\n\n<p>Vi behandler personoplysninger p\u00e5 baggrund af vores berettigede (legitime) interesser i at behandle disse personoplysninger (interesseafvejningsreglen).<\/p>\n\n\n\n<p>I det omfang vi behandler deltager- og medlemsoplysninger p\u00e5 baggrund af interesseafvejningsreglen, vil denne behandling udelukkende v\u00e6re motiveret af vores berettigede (legitime) interesser som:<\/p>\n\n\n\n<ul class=\"wp-block-list\">\n<li>Ud\u00f8velse af foreningsaktivitet<\/li>\n\n\n\n<li>Opkr\u00e6vning og betaling af kontingent m.v.<\/li>\n\n\n\n<li>H\u00e5ndtering af medlemsrettigheder i henhold til vedt\u00e6gterne m.v.<\/li>\n\n\n\n<li>Afholdelse af sociale arrangementer, sportslige arrangementer samt andre aktiviteter<\/li>\n\n\n\n<li>Brug af billeder fra foreningens aktiviteter<\/li>\n<\/ul>\n\n\n\n<p>Vi behandler betalingsoplysninger for at kunne opfylde den aftale, som vi har indg\u00e5et i forbindelse med indmeldelse i foreningen.<\/p>\n\n\n\n<p>Vi behandler oplysninger om l\u00e5nere\/lejere af Sogneg\u00e5rden for at kunne opfylde den aftale, vi har indg\u00e5et herom.<\/p>\n\n\n\n<h3 class=\"wp-block-heading\">4. Hvem oplysningerne evt. deles med<\/h3>\n\n\n\n<p>Vi deler oplysninger om dig, som f.eks. dit navn med foreningens \u00f8vrige medlemmer i forbindelse med tr\u00e6ning\/arrangementer.<\/p>\n\n\n\n<h3 class=\"wp-block-heading\">5. Hvor l\u00e6nge gemmes oplysninger?<\/h3>\n\n\n\n<p>S\u00e5 l\u00e6nge medlemskabet er aktivt, gemmes oplysningerne. Ved udmeldelse af foreningen slettes personoplysninger senest ved udgangen af f\u00f8lgende kalender\u00e5r.<\/p>\n\n\n\n<p>Oplysninger med relation til kontingentbetaling, betaling for enkeltst\u00e5ende arrangementer og betaling af leje for Sogneg\u00e5rden opbevares i overensstemmelse med bogf\u00f8ringsloven i fem \u00e5r. Tilsvarende g\u00e6lder for oplysninger om undervisere\/tr\u00e6nere og andre samarbejdspartnere, der er n\u00f8dvendige for foreningens betaling af honorarer mv.<\/p>\n\n\n\n<h3 class=\"wp-block-heading\">6. Rettigheder<\/h3>\n\n\n\n<p>Du har efter databeskyttelsesforordningen en r\u00e6kke rettigheder i forhold til vores behandling af oplysninger om dig.<\/p>\n\n\n\n<ul class=\"wp-block-list\">\n<li>Ret til at se oplysninger (indsigtsret)<\/li>\n\n\n\n<li>Ret til berigtigelse (rettelse)<\/li>\n\n\n\n<li>Ret til sletning<\/li>\n\n\n\n<li>Ret til begr\u00e6nsning af behandling<\/li>\n\n\n\n<li>Ret til indsigelse<\/li>\n\n\n\n<li>Ret til at transmittere oplysninger (dataportabilitet)<\/li>\n<\/ul>\n\n\n\n<p>Hvis du vil g\u00f8re brug af dine rettigheder, kan du kontakte os p\u00e5 via mailadressen: kontakt@eifnytolstrup.dk<\/p>\n\n\n\n<p>Hvis du er utilfreds med den m\u00e5de, vi behandler dine personoplysninger p\u00e5, kan du indgive en klage til Datatilsynet. Du finder Datatilsynets kontaktoplysninger p\u00e5 <a href=\"http:\/\/www.datatilsynet.dk\" data-type=\"link\" data-id=\"www.datatilsynet.dk\">www.datatilsynet.dk<\/a>.<\/p>\n\n\n\n<p><\/p>\n","protected":false},"excerpt":{"rendered":"<p>1. Identitet og kontaktoplysninger EIF Ny Tolstrup er dataansvarlig for behandlingen af de personoplysninger, som vi modtager. Vores kontaktoplysninger er: EIF &#8211; Ny TolstrupCVR-nummer 32119174C\/O Henrik Eve ChristensenTolstrupvej 384330 Hvals\u00f8 kontakt@eifnytolstrup.dk 2. Hvilke personoplysninger Vi behandler oplysninger om vores medlemmer, deltagere ved enkeltarrangementer, undervisere\/tr\u00e6nere og andre eksterne samarbejdspartnere i form af: Vi behandler oplysninger om [&hellip;]<\/p>\n","protected":false},"author":3,"featured_media":0,"parent":0,"menu_order":0,"comment_status":"closed","ping_status":"closed","template":"","meta":{"footnotes":""},"class_list":["post-77","page","type-page","status-publish","hentry"],"_links":{"self":[{"href":"https:\/\/eifnytolstrup.dk\/index.php\/wp-json\/wp\/v2\/pages\/77","targetHints":{"allow":["GET"]}}],"collection":[{"href":"https:\/\/eifnytolstrup.dk\/index.php\/wp-json\/wp\/v2\/pages"}],"about":[{"href":"https:\/\/eifnytolstrup.dk\/index.php\/wp-json\/wp\/v2\/types\/page"}],"author":[{"embeddable":true,"href":"https:\/\/eifnytolstrup.dk\/index.php\/wp-json\/wp\/v2\/users\/3"}],"replies":[{"embeddable":true,"href":"https:\/\/eifnytolstrup.dk\/index.php\/wp-json\/wp\/v2\/comments?post=77"}],"version-history":[{"count":2,"href":"https:\/\/eifnytolstrup.dk\/index.php\/wp-json\/wp\/v2\/pages\/77\/revisions"}],"predecessor-version":[{"id":80,"href":"https:\/\/eifnytolstrup.dk\/index.php\/wp-json\/wp\/v2\/pages\/77\/revisions\/80"}],"wp:attachment":[{"href":"https:\/\/eifnytolstrup.dk\/index.php\/wp-json\/wp\/v2\/media?parent=77"}],"curies":[{"name":"wp","href":"https:\/\/api.w.org\/{rel}","templated":true}]}}