{"id":56,"date":"2025-01-02T10:28:36","date_gmt":"2025-01-02T10:28:36","guid":{"rendered":"https:\/\/eifnytolstrup.dk\/?page_id=56"},"modified":"2026-04-03T08:04:03","modified_gmt":"2026-04-03T08:04:03","slug":"leje-af-sognegaarden","status":"publish","type":"page","link":"https:\/\/eifnytolstrup.dk\/index.php\/leje-af-sognegaarden\/","title":{"rendered":"Leje af F\u00e6lleshuset (Sogneg\u00e5rden)"},"content":{"rendered":"\n<div class=\"wp-block-group alignwide has-global-padding is-layout-constrained wp-block-group-is-layout-constrained\">\n<p class=\"has-xx-large-font-size\"><\/p>\n<\/div>\n\n\n\n<p>F\u00e6lleshusets lokaler udlejes\/udl\u00e5nes efter reglerne i Lejre Kommune.<\/p>\n\n\n\n<p>Det betyder, at lokale foreninger kan benytte faciliteterne uden beregning.<\/p>\n\n\n\n<p>Private kan leje F\u00e6lleshuset til visse typer af arrangementer, f.eks. fejring af m\u00e6rkedage &#8211; medlemmer af EiF f\u00e5r 50 % rabat p\u00e5 selve lejen (gebyrer er ens for alle).<\/p>\n\n\n\n<p><a href=\"https:\/\/eifnytolstrup.dk\/wp-content\/uploads\/2025\/03\/Regler-for-leje-af-Sognegaarden-2024.pdf\">Her finder du regler og priser for brug<\/a><\/p>\n\n\n\n<p>\u00d8nsker du at leje eller l\u00e5ne F\u00e6lleshuset, s\u00e5 kontakt os p\u00e5 <a href=\"mailto:udlejning@eifnytolstrup.dk\">udlejning@eifnytolstrup.dk<\/a>. Husk at oplyse navn, adresse, telefonnummer, mailadresse og om du er medlem af EiF.<\/p>\n\n\n\n<div style=\"height:32px\" aria-hidden=\"true\" class=\"wp-block-spacer\"><\/div>\n\n\n\n<figure class=\"wp-block-image size-large\"><img loading=\"lazy\" decoding=\"async\" width=\"2016\" height=\"1344\" src=\"https:\/\/eifnytolstrup.dk\/wp-content\/uploads\/2025\/03\/Selskabslokale-Sognegaarden-edited.jpg\" alt=\"\" class=\"wp-image-176\" srcset=\"https:\/\/eifnytolstrup.dk\/wp-content\/uploads\/2025\/03\/Selskabslokale-Sognegaarden-edited.jpg 2016w, https:\/\/eifnytolstrup.dk\/wp-content\/uploads\/2025\/03\/Selskabslokale-Sognegaarden-edited-300x200.jpg 300w, https:\/\/eifnytolstrup.dk\/wp-content\/uploads\/2025\/03\/Selskabslokale-Sognegaarden-edited-1024x683.jpg 1024w, https:\/\/eifnytolstrup.dk\/wp-content\/uploads\/2025\/03\/Selskabslokale-Sognegaarden-edited-768x512.jpg 768w, https:\/\/eifnytolstrup.dk\/wp-content\/uploads\/2025\/03\/Selskabslokale-Sognegaarden-edited-1536x1024.jpg 1536w\" sizes=\"auto, (max-width: 2016px) 100vw, 2016px\" \/><figcaption class=\"wp-element-caption\">Selskabslokalet har udgang til terrasse med bordb\u00e6nkes\u00e6t. <\/figcaption><\/figure>\n\n\n\n<div style=\"height:32px\" aria-hidden=\"true\" class=\"wp-block-spacer\"><\/div>\n\n\n\n<p><strong>Mere om F\u00e6lleshuset:<\/strong><\/p>\n\n\n\n<ul class=\"wp-block-list\">\n<li>Bus 215 (Hvals\u00f8 st &#8211; Viby Sj st &#8211; Solr\u00f8d) stopper her.<\/li>\n\n\n\n<li><a href=\"https:\/\/eifnytolstrup.dk\/index.php\/projekt-frisk-luft-og-faellesskab-i-ny-tolstrup\/\" data-type=\"page\" data-id=\"124\">Legeplads<\/a>, sv\u00e6vebane og fodboldbane<\/li>\n\n\n\n<li>Mulighed for at leje gasgrill<\/li>\n\n\n\n<li>Direkte adgang til Bidstrupskoven<\/li>\n\n\n\n<li>Gratis fibernet<\/li>\n\n\n\n<li>Egen parkeringsplads<\/li>\n<\/ul>\n\n\n\n<p>Lokalet er 70 m2 og har 15 borde (70&#215;100 cm) og 50 stole. Der er et<br>lille k\u00f8kken til lettere madlavning, kaffemaskine, opvaskemaskine og service til 50 personer.<\/p>\n\n\n\n<p><strong>Her finder du F\u00e6lleshuset, Tolstrupvej 30, Ny Tolstrup, 4330 Hvals\u00f8:<\/strong><\/p>\n\n\n\n<div class=\"wp-block-columns is-layout-flex wp-container-core-columns-is-layout-28f84493 wp-block-columns-is-layout-flex\">\n<div class=\"wp-block-column is-layout-flow wp-block-column-is-layout-flow\" style=\"flex-basis:66.66%\">\n<figure class=\"wp-block-image size-full\"><img loading=\"lazy\" decoding=\"async\" width=\"498\" height=\"226\" src=\"https:\/\/eifnytolstrup.dk\/wp-content\/uploads\/2026\/04\/Kort-Faelleshuset.jpg\" alt=\"\" class=\"wp-image-271\" srcset=\"https:\/\/eifnytolstrup.dk\/wp-content\/uploads\/2026\/04\/Kort-Faelleshuset.jpg 498w, https:\/\/eifnytolstrup.dk\/wp-content\/uploads\/2026\/04\/Kort-Faelleshuset-300x136.jpg 300w\" sizes=\"auto, (max-width: 498px) 100vw, 498px\" \/><\/figure>\n<\/div>\n\n\n\n<div class=\"wp-block-column is-layout-flow wp-block-column-is-layout-flow\" style=\"flex-basis:33.33%\">\n<figure class=\"wp-block-image size-full is-resized\"><img loading=\"lazy\" decoding=\"async\" width=\"449\" height=\"618\" src=\"https:\/\/eifnytolstrup.dk\/wp-content\/uploads\/2026\/04\/Kort-Faelleshuset-detalje.jpg\" alt=\"\" class=\"wp-image-270\" style=\"aspect-ratio:0.726530612244898;width:134px;height:auto\" srcset=\"https:\/\/eifnytolstrup.dk\/wp-content\/uploads\/2026\/04\/Kort-Faelleshuset-detalje.jpg 449w, https:\/\/eifnytolstrup.dk\/wp-content\/uploads\/2026\/04\/Kort-Faelleshuset-detalje-218x300.jpg 218w\" sizes=\"auto, (max-width: 449px) 100vw, 449px\" \/><\/figure>\n<\/div>\n<\/div>\n","protected":false},"excerpt":{"rendered":"<p>F\u00e6lleshusets lokaler udlejes\/udl\u00e5nes efter reglerne i Lejre Kommune. Det betyder, at lokale foreninger kan benytte faciliteterne uden beregning. Private kan leje F\u00e6lleshuset til visse typer af arrangementer, f.eks. fejring af m\u00e6rkedage &#8211; medlemmer af EiF f\u00e5r 50 % rabat p\u00e5 selve lejen (gebyrer er ens for alle). Her finder du regler og priser for brug [&hellip;]<\/p>\n","protected":false},"author":3,"featured_media":0,"parent":0,"menu_order":0,"comment_status":"closed","ping_status":"closed","template":"","meta":{"footnotes":""},"class_list":["post-56","page","type-page","status-publish","hentry"],"_links":{"self":[{"href":"https:\/\/eifnytolstrup.dk\/index.php\/wp-json\/wp\/v2\/pages\/56","targetHints":{"allow":["GET"]}}],"collection":[{"href":"https:\/\/eifnytolstrup.dk\/index.php\/wp-json\/wp\/v2\/pages"}],"about":[{"href":"https:\/\/eifnytolstrup.dk\/index.php\/wp-json\/wp\/v2\/types\/page"}],"author":[{"embeddable":true,"href":"https:\/\/eifnytolstrup.dk\/index.php\/wp-json\/wp\/v2\/users\/3"}],"replies":[{"embeddable":true,"href":"https:\/\/eifnytolstrup.dk\/index.php\/wp-json\/wp\/v2\/comments?post=56"}],"version-history":[{"count":15,"href":"https:\/\/eifnytolstrup.dk\/index.php\/wp-json\/wp\/v2\/pages\/56\/revisions"}],"predecessor-version":[{"id":276,"href":"https:\/\/eifnytolstrup.dk\/index.php\/wp-json\/wp\/v2\/pages\/56\/revisions\/276"}],"wp:attachment":[{"href":"https:\/\/eifnytolstrup.dk\/index.php\/wp-json\/wp\/v2\/media?parent=56"}],"curies":[{"name":"wp","href":"https:\/\/api.w.org\/{rel}","templated":true}]}}