{"id":50,"date":"2025-01-02T09:41:15","date_gmt":"2025-01-02T09:41:15","guid":{"rendered":"https:\/\/eifnytolstrup.dk\/?page_id=50"},"modified":"2025-03-24T10:24:37","modified_gmt":"2025-03-24T10:24:37","slug":"kontakt-detaljer","status":"publish","type":"page","link":"https:\/\/eifnytolstrup.dk\/index.php\/kontakt-detaljer\/","title":{"rendered":"Kontakt og betaling"},"content":{"rendered":"\n<p>Foreningens CVR-nr.: 32119174<\/p>\n\n\n\n<p><strong>Formand<\/strong><\/p>\n\n\n\n<p>Gry Hesbjerg<\/p>\n\n\n\n<p>Orupvej 8<\/p>\n\n\n\n<p><a href=\"mailto:formand@eifnytolstrup.dk\">formand@eifnytolstrup.dk<\/a><\/p>\n\n\n\n<p><\/p>\n\n\n\n<p><strong>Kasserer<\/strong><\/p>\n\n\n\n<p>Henrik Eve Christensen<\/p>\n\n\n\n<p>Tolstrupvej 38<\/p>\n\n\n\n<p><a href=\"mailto:kasserer@eifnytolstrup.dk\">kasserer@eifnytolstrup.dk<\/a><\/p>\n\n\n\n<p><\/p>\n\n\n\n<p><strong>Andre henvendelser<\/strong><\/p>\n\n\n\n<p>kontakt@eifnytolstrup.dk<\/p>\n\n\n\n<blockquote class=\"wp-block-quote is-layout-flow wp-block-quote-is-layout-flow\">\n<p class=\"has-accent-4-background-color has-background\">Betaling af kontingent, arrangementer mv. til EiF Ny Tolstrup venligst via Mobilepay p\u00e5 146128. Husk at skrive, hvad betalingen vedr\u00f8rer.<br><a href=\"https:\/\/eifnytolstrup.dk\/wp-content\/uploads\/2025\/03\/Vejledning-betaling-til-EIF.pdf\" data-type=\"link\" data-id=\"https:\/\/eifnytolstrup.dk\/wp-content\/uploads\/2025\/03\/Vejledning-betaling-til-EIF.pdf\">L\u00e6s vejledning om betaling her<\/a><\/p>\n\n\n\n<p><\/p>\n<\/blockquote>\n","protected":false},"excerpt":{"rendered":"<p>Foreningens CVR-nr.: 32119174 Formand Gry Hesbjerg Orupvej 8 formand@eifnytolstrup.dk Kasserer Henrik Eve Christensen Tolstrupvej 38 kasserer@eifnytolstrup.dk Andre henvendelser kontakt@eifnytolstrup.dk Betaling af kontingent, arrangementer mv. til EiF Ny Tolstrup venligst via Mobilepay p\u00e5 146128. Husk at skrive, hvad betalingen vedr\u00f8rer.L\u00e6s vejledning om betaling her<\/p>\n","protected":false},"author":3,"featured_media":0,"parent":0,"menu_order":0,"comment_status":"closed","ping_status":"closed","template":"","meta":{"footnotes":""},"class_list":["post-50","page","type-page","status-publish","hentry"],"_links":{"self":[{"href":"https:\/\/eifnytolstrup.dk\/index.php\/wp-json\/wp\/v2\/pages\/50","targetHints":{"allow":["GET"]}}],"collection":[{"href":"https:\/\/eifnytolstrup.dk\/index.php\/wp-json\/wp\/v2\/pages"}],"about":[{"href":"https:\/\/eifnytolstrup.dk\/index.php\/wp-json\/wp\/v2\/types\/page"}],"author":[{"embeddable":true,"href":"https:\/\/eifnytolstrup.dk\/index.php\/wp-json\/wp\/v2\/users\/3"}],"replies":[{"embeddable":true,"href":"https:\/\/eifnytolstrup.dk\/index.php\/wp-json\/wp\/v2\/comments?post=50"}],"version-history":[{"count":9,"href":"https:\/\/eifnytolstrup.dk\/index.php\/wp-json\/wp\/v2\/pages\/50\/revisions"}],"predecessor-version":[{"id":191,"href":"https:\/\/eifnytolstrup.dk\/index.php\/wp-json\/wp\/v2\/pages\/50\/revisions\/191"}],"wp:attachment":[{"href":"https:\/\/eifnytolstrup.dk\/index.php\/wp-json\/wp\/v2\/media?parent=50"}],"curies":[{"name":"wp","href":"https:\/\/api.w.org\/{rel}","templated":true}]}}