{"id":251,"date":"2026-02-09T16:24:12","date_gmt":"2026-02-09T16:24:12","guid":{"rendered":"https:\/\/eifnytolstrup.dk\/?page_id=251"},"modified":"2026-03-09T17:51:00","modified_gmt":"2026-03-09T17:51:00","slug":"vedtaegter","status":"publish","type":"page","link":"https:\/\/eifnytolstrup.dk\/index.php\/vedtaegter\/","title":{"rendered":"Vedt\u00e6gter og generalforsamling"},"content":{"rendered":"\n<p>Foreningens vedt\u00e6gter er senest revideret p\u00e5 generalforsamling 2025.<\/p>\n\n\n\n<p>L\u00e6s eller download <a href=\"https:\/\/eifnytolstrup.dk\/wp-content\/uploads\/2026\/02\/vedtaegter-EIF.pdf\" data-type=\"link\" data-id=\"https:\/\/eifnytolstrup.dk\/wp-content\/uploads\/2026\/02\/vedtaegter-EIF.pdf\">vedt\u00e6gterne her<\/a>.<\/p>\n\n\n\n<p><strong>Generalforsamling 2026<\/strong><\/p>\n\n\n\n<p><a href=\"https:\/\/eifnytolstrup.dk\/wp-content\/uploads\/2026\/03\/EIF-ord-gf-2026.pdf\">Referat<\/a><\/p>\n\n\n\n<p><strong>Generalforsamling 2025<\/strong><\/p>\n\n\n\n<p><a href=\"https:\/\/eifnytolstrup.dk\/wp-content\/uploads\/2026\/02\/Referat-GF-2025-uden-bilag.pdf\">Referat<\/a><\/p>\n\n\n\n<p><\/p>\n","protected":false},"excerpt":{"rendered":"<p>Foreningens vedt\u00e6gter er senest revideret p\u00e5 generalforsamling 2025. L\u00e6s eller download vedt\u00e6gterne her. Generalforsamling 2026 Referat Generalforsamling 2025 Referat<\/p>\n","protected":false},"author":3,"featured_media":0,"parent":0,"menu_order":0,"comment_status":"closed","ping_status":"closed","template":"","meta":{"footnotes":""},"class_list":["post-251","page","type-page","status-publish","hentry"],"_links":{"self":[{"href":"https:\/\/eifnytolstrup.dk\/index.php\/wp-json\/wp\/v2\/pages\/251","targetHints":{"allow":["GET"]}}],"collection":[{"href":"https:\/\/eifnytolstrup.dk\/index.php\/wp-json\/wp\/v2\/pages"}],"about":[{"href":"https:\/\/eifnytolstrup.dk\/index.php\/wp-json\/wp\/v2\/types\/page"}],"author":[{"embeddable":true,"href":"https:\/\/eifnytolstrup.dk\/index.php\/wp-json\/wp\/v2\/users\/3"}],"replies":[{"embeddable":true,"href":"https:\/\/eifnytolstrup.dk\/index.php\/wp-json\/wp\/v2\/comments?post=251"}],"version-history":[{"count":6,"href":"https:\/\/eifnytolstrup.dk\/index.php\/wp-json\/wp\/v2\/pages\/251\/revisions"}],"predecessor-version":[{"id":264,"href":"https:\/\/eifnytolstrup.dk\/index.php\/wp-json\/wp\/v2\/pages\/251\/revisions\/264"}],"wp:attachment":[{"href":"https:\/\/eifnytolstrup.dk\/index.php\/wp-json\/wp\/v2\/media?parent=251"}],"curies":[{"name":"wp","href":"https:\/\/api.w.org\/{rel}","templated":true}]}}