{"id":242,"date":"2026-01-21T12:52:41","date_gmt":"2026-01-21T12:52:41","guid":{"rendered":"https:\/\/eifnytolstrup.dk\/?page_id=242"},"modified":"2026-01-21T12:58:21","modified_gmt":"2026-01-21T12:58:21","slug":"arbejdsgrupper","status":"publish","type":"page","link":"https:\/\/eifnytolstrup.dk\/index.php\/arbejdsgrupper\/","title":{"rendered":"Arbejdsgrupper"},"content":{"rendered":"\n<div class=\"wp-block-media-text has-media-on-the-right is-stacked-on-mobile\"><div class=\"wp-block-media-text__content\">\n<p>Du kan melde dig til en af foreningens frivillige arbejdsgrupper og blive en del af det aktive f\u00e6llesskab omkring  pladsen og F\u00e6lleshuset.<\/p>\n<\/div><figure class=\"wp-block-media-text__media\"><img loading=\"lazy\" decoding=\"async\" width=\"1024\" height=\"768\" src=\"https:\/\/eifnytolstrup.dk\/wp-content\/uploads\/2024\/04\/Sankt-Hans-1024x768.jpg\" alt=\"\" class=\"wp-image-25 size-full\" srcset=\"https:\/\/eifnytolstrup.dk\/wp-content\/uploads\/2024\/04\/Sankt-Hans-1024x768.jpg 1024w, https:\/\/eifnytolstrup.dk\/wp-content\/uploads\/2024\/04\/Sankt-Hans-300x225.jpg 300w, https:\/\/eifnytolstrup.dk\/wp-content\/uploads\/2024\/04\/Sankt-Hans-768x576.jpg 768w, https:\/\/eifnytolstrup.dk\/wp-content\/uploads\/2024\/04\/Sankt-Hans-1536x1152.jpg 1536w, https:\/\/eifnytolstrup.dk\/wp-content\/uploads\/2024\/04\/Sankt-Hans-2048x1536.jpg 2048w\" sizes=\"auto, (max-width: 1024px) 100vw, 1024px\" \/><\/figure><\/div>\n\n\n\n<p style=\"margin-right:0;margin-left:0\"><strong>Aktivitetsgruppen<\/strong><br>Gruppen hj\u00e6lper bestyrelsen med at planl\u00e6gge og afvikle \u00e5rets arrangementer. Kontakt Gry p\u00e5 <a href=\"mailto:gry@kostumeskraedderiet.dk\">gry@kostumeskraedderiet.dk<\/a><\/p>\n\n\n\n<p><strong>F\u00e6lleshaven<\/strong><br>Denne gruppe s\u00f8rger for pasning af haven bag hegnet. Kontakt Stine p\u00e5 <a href=\"mailto:stinecarle@gmail.com\">stinecarle@gmail.com<\/a><\/p>\n\n\n\n<p><strong>F\u00e6lleshuset<\/strong><br>Arbejdsgruppen st\u00e5r for det indvendige vedligehold af F\u00e6lleshuset (Sogneg\u00e5rden) og har flere forbedringsprojekter p\u00e5 vej. Hj\u00e6lper ogs\u00e5 udend\u00f8rs, n\u00e5r der er brug for maskiner og roterende v\u00e6rkt\u00f8j. Kontakt S\u00f8ren p\u00e5 <a href=\"mailto:bundgaard@dbs.dk\">bundgaard@dbs.dk<\/a><\/p>\n\n\n\n<p><strong>F\u00e6llespladsen<\/strong><br>Gruppen har ansvar for vedligehold af legeplads og gangarealer. Kontakt Lasse p\u00e5 <a href=\"mailto:lasselefevre@gmail.com\">lasselefevre@gmail.com<\/a><\/p>\n\n\n\n<div style=\"height:40px\" aria-hidden=\"true\" class=\"wp-block-spacer\"><\/div>\n\n\n\n<p>Du er ogs\u00e5 altid velkommen til at kontakte bestyrelsen p\u00e5 <a href=\"mailto:kontakt@eifnytolstrup.dk\">kontakt@eifnytolstrup.dk<\/a> med sp\u00f8rgsm\u00e5l eller forslag.<\/p>\n","protected":false},"excerpt":{"rendered":"<p>Du kan melde dig til en af foreningens frivillige arbejdsgrupper og blive en del af det aktive f\u00e6llesskab omkring pladsen og F\u00e6lleshuset. AktivitetsgruppenGruppen hj\u00e6lper bestyrelsen med at planl\u00e6gge og afvikle \u00e5rets arrangementer. Kontakt Gry p\u00e5 gry@kostumeskraedderiet.dk F\u00e6lleshavenDenne gruppe s\u00f8rger for pasning af haven bag hegnet. Kontakt Stine p\u00e5 stinecarle@gmail.com F\u00e6lleshusetArbejdsgruppen st\u00e5r for det indvendige vedligehold [&hellip;]<\/p>\n","protected":false},"author":3,"featured_media":0,"parent":0,"menu_order":0,"comment_status":"closed","ping_status":"closed","template":"","meta":{"footnotes":""},"class_list":["post-242","page","type-page","status-publish","hentry"],"_links":{"self":[{"href":"https:\/\/eifnytolstrup.dk\/index.php\/wp-json\/wp\/v2\/pages\/242","targetHints":{"allow":["GET"]}}],"collection":[{"href":"https:\/\/eifnytolstrup.dk\/index.php\/wp-json\/wp\/v2\/pages"}],"about":[{"href":"https:\/\/eifnytolstrup.dk\/index.php\/wp-json\/wp\/v2\/types\/page"}],"author":[{"embeddable":true,"href":"https:\/\/eifnytolstrup.dk\/index.php\/wp-json\/wp\/v2\/users\/3"}],"replies":[{"embeddable":true,"href":"https:\/\/eifnytolstrup.dk\/index.php\/wp-json\/wp\/v2\/comments?post=242"}],"version-history":[{"count":4,"href":"https:\/\/eifnytolstrup.dk\/index.php\/wp-json\/wp\/v2\/pages\/242\/revisions"}],"predecessor-version":[{"id":249,"href":"https:\/\/eifnytolstrup.dk\/index.php\/wp-json\/wp\/v2\/pages\/242\/revisions\/249"}],"wp:attachment":[{"href":"https:\/\/eifnytolstrup.dk\/index.php\/wp-json\/wp\/v2\/media?parent=242"}],"curies":[{"name":"wp","href":"https:\/\/api.w.org\/{rel}","templated":true}]}}